{"id":11,"date":"2025-12-10T09:33:37","date_gmt":"2025-12-10T08:33:37","guid":{"rendered":"https:\/\/hyperbaricconference.fumed.pl\/?page_id=11"},"modified":"2026-03-06T09:00:57","modified_gmt":"2026-03-06T08:00:57","slug":"agenda","status":"publish","type":"page","link":"https:\/\/hyperbaricconference.fumed.pl\/index.php\/agenda\/","title":{"rendered":"Agenda"},"content":{"rendered":"\t\t<div data-elementor-type=\"wp-page\" data-elementor-id=\"11\" class=\"elementor elementor-11\">\n\t\t\t\t<div class=\"elementor-element elementor-element-8d4e92c e-flex e-con-boxed e-con e-parent\" data-id=\"8d4e92c\" data-element_type=\"container\" data-settings=\"{&quot;background_background&quot;:&quot;classic&quot;}\">\n\t\t\t\t\t<div class=\"e-con-inner\">\n\t\t\t\t\t<\/div>\n\t\t\t\t<\/div>\n\t\t<div class=\"elementor-element elementor-element-3ceab03 e-flex e-con-boxed e-con e-parent\" data-id=\"3ceab03\" data-element_type=\"container\">\n\t\t\t\t\t<div class=\"e-con-inner\">\n\t\t<div class=\"elementor-element elementor-element-e708283 e-con-full e-flex e-con e-child\" data-id=\"e708283\" data-element_type=\"container\">\n\t\t\t\t<div class=\"elementor-element elementor-element-96addea elementor-widget elementor-widget-heading\" data-id=\"96addea\" data-element_type=\"widget\" data-widget_type=\"heading.default\">\n\t\t\t\t\t<h2 class=\"elementor-heading-title elementor-size-default\">  PROGRAM <\/h2>\t\t\t\t<\/div>\n\t\t\t\t<\/div>\n\t\t\t\t\t<\/div>\n\t\t\t\t<\/div>\n\t\t<div class=\"elementor-element elementor-element-b96f45a e-flex e-con-boxed e-con e-parent\" data-id=\"b96f45a\" data-element_type=\"container\">\n\t\t\t\t\t<div class=\"e-con-inner\">\n\t\t\t\t<div class=\"elementor-element elementor-element-d80aef9 elementor-widget elementor-widget-heading\" data-id=\"d80aef9\" data-element_type=\"widget\" data-widget_type=\"heading.default\">\n\t\t\t\t\t<h2 class=\"elementor-heading-title elementor-size-default\">XXVI Konferencji Naukowej\n\nPolskiego Towarzystwa Medycyny i Techniki Hiperbarycznej\npt. \u201eCz\u0142owiek w \u015brodowisku wodnym \u2013 medycyna, technika, bezpiecze\u0144stwo.\u201d<\/h2>\t\t\t\t<\/div>\n\t\t\t\t\t<\/div>\n\t\t\t\t<\/div>\n\t\t<div class=\"elementor-element elementor-element-002676f e-flex e-con-boxed e-con e-parent\" data-id=\"002676f\" data-element_type=\"container\">\n\t\t\t\t\t<div class=\"e-con-inner\">\n\t\t<div class=\"elementor-element elementor-element-6cdc83a e-con-full e-flex e-con e-child\" data-id=\"6cdc83a\" data-element_type=\"container\">\n\t\t\t\t<div class=\"elementor-element elementor-element-e6a02c1 elementor-widget elementor-widget-heading\" data-id=\"e6a02c1\" data-element_type=\"widget\" data-widget_type=\"heading.default\">\n\t\t\t\t\t<h2 class=\"elementor-heading-title elementor-size-default\">  6.III.2026<\/h2>\t\t\t\t<\/div>\n\t\t\t\t<\/div>\n\t\t\t\t\t<\/div>\n\t\t\t\t<\/div>\n\t\t<div class=\"elementor-element elementor-element-43ef6f7 e-flex e-con-boxed e-con e-parent\" data-id=\"43ef6f7\" data-element_type=\"container\">\n\t\t\t\t\t<div class=\"e-con-inner\">\n\t\t\t\t<div class=\"elementor-element elementor-element-5233fcd elementor-widget elementor-widget-text-editor\" data-id=\"5233fcd\" data-element_type=\"widget\" data-widget_type=\"text-editor.default\">\n\t\t\t\t\t\t\t\t\t<p>11:00 \u2013 13:00\u00a0 Rejestracja uczestnik\u00f3w<\/p><p>13:00 \u2013 13:30 <strong>Uroczyste otwarcie konferencji. <br \/>\u00a0\u00a0\u00a0\u00a0\u00a0\u00a0\u00a0\u00a0\u00a0\u00a0\u00a0\u00a0\u00a0\u00a0\u00a0\u00a0\u00a0 <\/strong><strong>Wr\u0119czenie wyr\u00f3\u017cnie\u0144 nadanych przez PTMiTH<\/strong><\/p><p><strong>13:30 \u2013 15:30 Sesja plenarna<br \/><\/strong><em>prowadzenie sesji: prof.\u00a0 dr hab. n. med. Romuald Olsza\u0144ski, dr n.med. Gabriela Henrykowska<\/em><\/p><ul><li><em>prof dr hab.n.med Alekszander Siero\u0144<br \/><\/em>Mia\u017cd\u017cyca jako problem interdyscyplinarny<em>\u00a0<\/em><\/li><\/ul><ul><li><em> prof. Tania Santiago Perez<\/em><br \/>Beneath the Surface: A Mixed Methods Exploration of Health Outcomes of Scuba Diving among People with Physical Impairments<\/li><\/ul><ul><li><em>Bernabe Moreno, Ph.D. student \u2013 laureat stypendium A.D\u0119bskiego<br \/><\/em>From high-altitude lakes to submerged heritage\u2014team diving for exploration, research, and conservation<\/li><\/ul><p>15:30 \u2013 15:45 Przerwa kawowa<\/p><p><strong>15:45 \u2013 17:00 Sesja tematyczna I\u00a0 <br \/><\/strong><em>prowadzenie sesji: dr hab. n.med. Piotr Siermontowski, prof. dr hab. n. med. Andrzej Buczy\u0144ski <\/em><\/p><ul><li><em>Joanna Sowa<br \/><\/em>Wybrane aspekty SUBSAR OPERATIONS<\/li><\/ul><ul><li><em>Ryszard K\u0142os<\/em><\/li><\/ul><p>Operacje nurkowe w powi\u0105zaniu ze skokami spadochronowymi<\/p><ul><li><em>Stanis\u0142aw Skrzy\u0144ski, Pawe\u0142 Stoltmann<\/em><br \/>Aktualne problemy g\u0142\u0119binowych prac podwodnych na polskim offshore<\/li><\/ul><p>17:00 \u2013 17:10 Przerwa kawowa<\/p><p><strong>17:10 \u2013 18:30 Sesja tematyczno II (warsztatowa)<\/strong><\/p><ul><li><em>Ewa Zieli\u0144ski<br \/><\/em>Oksybaroterapia &#8211; od teorii do praktyki &#8211; wybrane zagadnienia<\/li><\/ul><p><strong>19:30\u00a0 Exclusive Networking Dinner<\/strong><\/p>\t\t\t\t\t\t\t\t<\/div>\n\t\t\t\t\t<\/div>\n\t\t\t\t<\/div>\n\t\t<div class=\"elementor-element elementor-element-acd2829 e-flex e-con-boxed e-con e-parent\" data-id=\"acd2829\" data-element_type=\"container\">\n\t\t\t\t\t<div class=\"e-con-inner\">\n\t\t<div class=\"elementor-element elementor-element-6295975 e-con-full e-flex e-con e-child\" data-id=\"6295975\" data-element_type=\"container\">\n\t\t\t\t<div class=\"elementor-element elementor-element-7f0f885 elementor-widget elementor-widget-heading\" data-id=\"7f0f885\" data-element_type=\"widget\" data-widget_type=\"heading.default\">\n\t\t\t\t\t<h2 class=\"elementor-heading-title elementor-size-default\">7. III. 2026<\/h2>\t\t\t\t<\/div>\n\t\t\t\t<\/div>\n\t\t\t\t\t<\/div>\n\t\t\t\t<\/div>\n\t\t<div class=\"elementor-element elementor-element-c5b2d30 e-flex e-con-boxed e-con e-parent\" data-id=\"c5b2d30\" data-element_type=\"container\">\n\t\t\t\t\t<div class=\"e-con-inner\">\n\t\t\t\t<div class=\"elementor-element elementor-element-c2bf2df elementor-widget elementor-widget-text-editor\" data-id=\"c2bf2df\" data-element_type=\"widget\" data-widget_type=\"text-editor.default\">\n\t\t\t\t\t\t\t\t\t<p><strong>09:00 \u2013 10:30\u00a0 Sesja tematyczna III \u00a0(warsztatowa)<\/strong><\/p><p>\u00a0<\/p><p><em>Pawe\u0142 Stoltmann<br \/><\/em>Akademickie Centrum Technologii Podwodnych jako interdyscyplinarne miejsce przygotowa\u0144 do pracy zawodowej<\/p><p>R\u00f3wnolegle<br \/><strong>10:00 \u2013 11:00 <\/strong><strong>Zebranie cz\u0142onk\u00f3w PTMiTH<\/strong><\/p><p>11:00 \u2013 11:15 przerwa techniczna<\/p><p>11:15 \u2013 13:00 <strong><em>Sesja tematyczna IV<br \/><\/em><\/strong><em>prowadzenie sesji:, dr hab. Piotr Siermontowski, prof. Barbara Nieradko-Iwanicka<\/em><\/p><ul><li><strong><em>Gabriela Henrykowska<\/em><\/strong><br \/>Nurkowanie jako forma rehabilitacji i aktywizacji weteran\u00f3w wojennych<\/li><li><strong><em>Micha\u0142 \u017bychli\u0144ski, Zuzanna Duda,\u00a0 Andrzej Wawruszczak,\u00a0 S\u0142awomir Borowski,\u00a0\u00a0 Filip D\u0105browski,\u00a0\u00a0\u00a0 Maciej Piotrowski,\u00a0\u00a0 Mariusz Treder, Tomasz Mazurek, Piotr Siermontowski<\/em><\/strong><br \/>Przyk\u0142ady leczenia ortopedycznych uraz\u00f3w bojowych kilku ukrai\u0144skich \u017co\u0142nierzy<\/li><li><strong><em>Jakub Wolski<\/em><\/strong><em>, Karolina Wi\u015bniewska, Piotr Siermontowski<\/em><em><br \/><\/em>Leki w psychiatrii a nurkowanie<\/li><li><strong><em>Agnieszka Wo\u017aniak-Kosek<\/em><\/strong> <br \/>Wykorzystanie molekularnych paneli syndromicznych do potwierdzenia wyst\u0119powania zaka\u017ce\u0144 g\u00f3rnych i dolnych dr\u00f3g oddechowych w przypadku pacjent\u00f3w hospitalizowanych w WIM-PIB w Warszawie<\/li><li><strong><em>Justyna K\u0119czkowska, Ma\u0142gorzata P\u0142aza, Piotr Siermontowski, Gabriela Henrykowska<\/em><\/strong><br \/>Sztuczna inteligencja w medycynie hiperbarycznej \u2013 przyk\u0142ady zastosowa\u0144<\/li><li><strong><em>Romuald Olsza\u0144ski<\/em><\/strong><br \/>Leczenie hiperbari\u0105 tlenow\u0105 powik\u0142a\u0144 naczyniowych w medycynie estetycznej<\/li><li><strong><em>Romuald Olsza\u0144ski<\/em><\/strong><br \/>Leczenie hiperbari\u0105 tlenow\u0105 w biofilmach w medycynie estetycznej<\/li><\/ul><p>13:00 &#8211; 13:30 przerwa obiadowa<\/p><div><b>13.30 &#8211; 13:45 Dotknij kosmosu &#8211; pokaz specjalny<\/b><\/div><div>Podtrzymywanie \u017cycia w kosmosie &#8211; sprawd\u017a jak technologia staje si\u0119 drug\u0105 sk\u00f3ra astronauty!<\/div><div>Unikalny pokaz i prezentacja skafandr\u00f3w kosmicznych.<\/div><p><strong><em>\u00a0<br \/><\/em><\/strong><strong><em>13:45 \u2013 15:15 Sesja tematyczna V<br \/><\/em><\/strong><em>prowadzenie sesji:, dr hab. Grzegorz Grzeczka, dr n.med. Ma\u0142gorzata Lewicka<\/em><\/p><ul><li><strong><em>Barbara Nieradko-Iwanicka, Marta W\u00f3jciak-Czu\u0142a, Natalia \u0141api\u0144ska, Janusz Iwanicki<\/em><\/strong><br \/>Orzekanie o niepe\u0142nosprawno\u015bci w latach 2014\u20132024 \u2013 analiza por\u00f3wnawcza<\/li><li><strong><em>Barbara Nieradko-Iwanicka<\/em><\/strong><em>, Jan Iwanicki, Janusz Iwanicki<\/em><br \/>Stosowanie kamizelek asekuracyjnych przez kajakarzy w Polsce<\/li><li><strong><em>Pawe\u0142 R\u00f3\u017ca\u0144ski<\/em><\/strong><br \/>Poczucie bezpiecze\u0144stwa i l\u0119ku przed wod\u0105 u student\u00f3w mundurowych uczestnicz\u0105cych w zaj\u0119ciach z p\u0142ywania u\u017cytkowego<\/li><li><strong><em>Marek Rejman<\/em><\/strong><strong><em><br \/><\/em><\/strong>Koncepcja \u201eAquatic Literacy\u201d (Abecad\u0142o P\u0142ywania) jako alternatywa wychowania do bezpiecze\u0144stwa w wodzie i nad wod\u0105<\/li><li><em>Daria Rudnik, Aleksandra Ko\u0142tuniewicz, Marek Rejman<\/em><strong><em><br \/><\/em><\/strong>Efektywno\u015b\u0107 holowania manekina z wykorzystaniem wybranych technik stosowanych w sportowym ratownictwie wodnym <em>(online)<\/em><\/li><li><strong><em>Daria Rudnik<\/em><\/strong><em>, Aleksandra Ko\u0142tuniewicz, Marek Rejman<\/em><br \/>Do swimmers tend to place the stronger leg at the front edge of the starting block? <em>(online)<\/em><\/li><\/ul><p>15:15 \u2013 15:30 przerwa kawowa<\/p><p><strong><em>15:30 \u2013 17:00 Sesja tematyczna VI<br \/><\/em><\/strong><em>prowadzenie sesji: dr hab.n.med. Agnieszka Wo\u017aniak- Kosek, dr in\u017c. Arkadiusz Wo\u017aniak <\/em><\/p><ul><li><strong><em>Andrzej Krzyszkowski,<\/em><\/strong> <strong><em>Piotr Siermontowski<\/em><\/strong><em> <br \/><\/em>Autonomiczna komora hiperbaryczna czy kapsu\u0142a kolei tubowej? HYPERLOOP<\/li><li><strong><em>Arkadiusz Wo\u017aniak<\/em><\/strong> <br \/>Zastosowanie metod analizy instrumentalnej i chemicznej do oznaczenia st\u0119\u017cenia zanieczyszcze\u0144 szkodliwych w gazach oddechowych dla nurk\u00f3w<\/li><li><strong><em>Mateusz Harasymczuk, Valadar Harelikau, Agata Maria Ko\u0142odziejczyk<\/em><\/strong><br \/>Monitorowanie st\u0119\u017cenia CO\u2082 w symulacjach izolowanych misji kosmicznych dla przysz\u0142ych bioregeneracyjnych system\u00f3w podtrzymywania \u017cycia<\/li><li><strong><em>Anna Przyborska, Maciej Muzyka, Jaromir Jakacki<\/em><\/strong><br \/>Nieliniowe modele uczenia maszynowego w prognozowaniu poziomu morza jako element system\u00f3w oceny ryzyka w \u015brodowisku wodnym<\/li><li><em>Wojciech Ryka\u0142a, Dominika D\u0105browska<\/em><br \/>Sk\u0142ad chemiczny odciek\u00f3w ze sk\u0142adowisk odpad\u00f3w komunalnych z po\u0142udniowej Polski<\/li><li><strong><em>W\u0142odzimierz Leszczy\u0144ski, Gabriela Henrykowska, Wojciech Bie\u0144kowski<\/em><\/strong><br \/>Ochrona zdrowia jako element infrastruktury krytycznej pa\u0144stwa \u2013 wybrane aspekty<\/li><\/ul><p>17: 00- 18:00 <span style=\"text-decoration: line-through;\">\u00a0<\/span><strong>Dyskusja, podsumowanie i zako\u0144czenie konferencji<\/strong><\/p>\t\t\t\t\t\t\t\t<\/div>\n\t\t\t\t\t<\/div>\n\t\t\t\t<\/div>\n\t\t\t\t<\/div>\n\t\t","protected":false},"excerpt":{"rendered":"<p>PROGRAM XXVI Konferencji Naukowej Polskiego Towarzystwa Medycyny i Techniki Hiperbarycznej pt. \u201eCz\u0142owiek w \u015brodowisku wodnym \u2013 medycyna, technika, bezpiecze\u0144stwo.\u201d 6.III.2026 [&hellip;]<\/p>\n","protected":false},"author":1,"featured_media":0,"parent":0,"menu_order":0,"comment_status":"closed","ping_status":"closed","template":"","meta":{"site-sidebar-layout":"no-sidebar","site-content-layout":"","ast-site-content-layout":"full-width-container","site-content-style":"default","site-sidebar-style":"default","ast-global-header-display":"","ast-banner-title-visibility":"","ast-main-header-display":"","ast-hfb-above-header-display":"","ast-hfb-below-header-display":"","ast-hfb-mobile-header-display":"","site-post-title":"disabled","ast-breadcrumbs-content":"","ast-featured-img":"disabled","footer-sml-layout":"","ast-disable-related-posts":"","theme-transparent-header-meta":"","adv-header-id-meta":"","stick-header-meta":"","header-above-stick-meta":"","header-main-stick-meta":"","header-below-stick-meta":"","astra-migrate-meta-layouts":"default","ast-page-background-enabled":"default","ast-page-background-meta":{"desktop":{"background-color":"var(--ast-global-color-5)","background-image":"","background-repeat":"repeat","background-position":"center center","background-size":"auto","background-attachment":"scroll","background-type":"","background-media":"","overlay-type":"","overlay-color":"","overlay-opacity":"","overlay-gradient":""},"tablet":{"background-color":"","background-image":"","background-repeat":"repeat","background-position":"center center","background-size":"auto","background-attachment":"scroll","background-type":"","background-media":"","overlay-type":"","overlay-color":"","overlay-opacity":"","overlay-gradient":""},"mobile":{"background-color":"","background-image":"","background-repeat":"repeat","background-position":"center center","background-size":"auto","background-attachment":"scroll","background-type":"","background-media":"","overlay-type":"","overlay-color":"","overlay-opacity":"","overlay-gradient":""}},"ast-content-background-meta":{"desktop":{"background-color":"var(--ast-global-color-4)","background-image":"","background-repeat":"repeat","background-position":"center center","background-size":"auto","background-attachment":"scroll","background-type":"","background-media":"","overlay-type":"","overlay-color":"","overlay-opacity":"","overlay-gradient":""},"tablet":{"background-color":"var(--ast-global-color-4)","background-image":"","background-repeat":"repeat","background-position":"center center","background-size":"auto","background-attachment":"scroll","background-type":"","background-media":"","overlay-type":"","overlay-color":"","overlay-opacity":"","overlay-gradient":""},"mobile":{"background-color":"var(--ast-global-color-4)","background-image":"","background-repeat":"repeat","background-position":"center center","background-size":"auto","background-attachment":"scroll","background-type":"","background-media":"","overlay-type":"","overlay-color":"","overlay-opacity":"","overlay-gradient":""}},"footnotes":""},"class_list":["post-11","page","type-page","status-publish","hentry"],"_links":{"self":[{"href":"https:\/\/hyperbaricconference.fumed.pl\/index.php\/wp-json\/wp\/v2\/pages\/11","targetHints":{"allow":["GET"]}}],"collection":[{"href":"https:\/\/hyperbaricconference.fumed.pl\/index.php\/wp-json\/wp\/v2\/pages"}],"about":[{"href":"https:\/\/hyperbaricconference.fumed.pl\/index.php\/wp-json\/wp\/v2\/types\/page"}],"author":[{"embeddable":true,"href":"https:\/\/hyperbaricconference.fumed.pl\/index.php\/wp-json\/wp\/v2\/users\/1"}],"replies":[{"embeddable":true,"href":"https:\/\/hyperbaricconference.fumed.pl\/index.php\/wp-json\/wp\/v2\/comments?post=11"}],"version-history":[{"count":49,"href":"https:\/\/hyperbaricconference.fumed.pl\/index.php\/wp-json\/wp\/v2\/pages\/11\/revisions"}],"predecessor-version":[{"id":689,"href":"https:\/\/hyperbaricconference.fumed.pl\/index.php\/wp-json\/wp\/v2\/pages\/11\/revisions\/689"}],"wp:attachment":[{"href":"https:\/\/hyperbaricconference.fumed.pl\/index.php\/wp-json\/wp\/v2\/media?parent=11"}],"curies":[{"name":"wp","href":"https:\/\/api.w.org\/{rel}","templated":true}]}}