{"id":13,"date":"2025-12-10T09:33:53","date_gmt":"2025-12-10T08:33:53","guid":{"rendered":"https:\/\/hyperbaricconference.fumed.pl\/?page_id=13"},"modified":"2026-01-19T13:47:46","modified_gmt":"2026-01-19T12:47:46","slug":"pakiety","status":"publish","type":"page","link":"https:\/\/hyperbaricconference.fumed.pl\/index.php\/pakiety\/","title":{"rendered":"Pakiety"},"content":{"rendered":"\t\t<div data-elementor-type=\"wp-page\" data-elementor-id=\"13\" class=\"elementor elementor-13\">\n\t\t\t\t<div class=\"elementor-element elementor-element-d6daf01 e-flex e-con-boxed e-con e-parent\" data-id=\"d6daf01\" data-element_type=\"container\" data-settings=\"{&quot;background_background&quot;:&quot;classic&quot;}\">\n\t\t\t\t\t<div class=\"e-con-inner\">\n\t\t\t\t\t<\/div>\n\t\t\t\t<\/div>\n\t\t<div class=\"elementor-element elementor-element-6ba7b91 e-flex e-con-boxed e-con e-parent\" data-id=\"6ba7b91\" data-element_type=\"container\">\n\t\t\t\t\t<div class=\"e-con-inner\">\n\t\t<div class=\"elementor-element elementor-element-c18303f e-con-full e-flex e-con e-child\" data-id=\"c18303f\" data-element_type=\"container\">\n\t\t\t\t<div class=\"elementor-element elementor-element-cc3f8ce elementor-widget elementor-widget-heading\" data-id=\"cc3f8ce\" data-element_type=\"widget\" data-widget_type=\"heading.default\">\n\t\t\t\t\t<h2 class=\"elementor-heading-title elementor-size-default\">Pakiety i ceny<\/h2>\t\t\t\t<\/div>\n\t\t\t\t<\/div>\n\t\t\t\t\t<\/div>\n\t\t\t\t<\/div>\n\t\t<div class=\"elementor-element elementor-element-ecc5c21 e-flex e-con-boxed e-con e-parent\" data-id=\"ecc5c21\" data-element_type=\"container\">\n\t\t\t\t\t<div class=\"e-con-inner\">\n\t\t\t\t\t<\/div>\n\t\t\t\t<\/div>\n\t\t<div class=\"elementor-element elementor-element-e1e4f85 e-flex e-con-boxed e-con e-parent\" data-id=\"e1e4f85\" data-element_type=\"container\">\n\t\t\t\t\t<div class=\"e-con-inner\">\n\t\t<div class=\"elementor-element elementor-element-b072c0d e-con-full e-flex e-con e-child\" data-id=\"b072c0d\" data-element_type=\"container\" data-settings=\"{&quot;background_background&quot;:&quot;classic&quot;}\">\n\t\t\t\t<div class=\"elementor-element elementor-element-2191cd9 elementor-widget elementor-widget-heading\" data-id=\"2191cd9\" data-element_type=\"widget\" data-widget_type=\"heading.default\">\n\t\t\t\t\t<h2 class=\"elementor-heading-title elementor-size-default\">Standard Passive Pass<\/h2>\t\t\t\t<\/div>\n\t\t\t\t<div class=\"elementor-element elementor-element-1e98f0b elementor-widget elementor-widget-heading\" data-id=\"1e98f0b\" data-element_type=\"widget\" data-widget_type=\"heading.default\">\n\t\t\t\t\t<h2 class=\"elementor-heading-title elementor-size-default\">600 Z\u0141 <\/h2>\t\t\t\t<\/div>\n\t\t<div class=\"elementor-element elementor-element-3233b7c e-con-full e-flex e-con e-child\" data-id=\"3233b7c\" data-element_type=\"container\">\n\t\t\t\t<div class=\"elementor-element elementor-element-d459e98 elementor-widget elementor-widget-text-editor\" data-id=\"d459e98\" data-element_type=\"widget\" data-widget_type=\"text-editor.default\">\n\t\t\t\t\t\t\t\t\t<p>Pe\u0142ny dost\u0119p do wiedzy, Certyfikat z Punktami Edukacyjnymi \u2028i presti\u017cowy Networking Dinner. Idealny, by ch\u0142on\u0105\u0107 wiedz\u0119 \u2028i budowa\u0107 kontakty.<\/p>\t\t\t\t\t\t\t\t<\/div>\n\t\t\t\t<\/div>\n\t\t\t\t<div class=\"elementor-element elementor-element-89731a3 elementor-align-justify elementor-widget elementor-widget-button\" data-id=\"89731a3\" data-element_type=\"widget\" data-widget_type=\"button.default\">\n\t\t\t\t\t\t\t\t\t\t<a class=\"elementor-button elementor-button-link elementor-size-sm elementor-animation-grow\" href=\"https:\/\/hyperbaricconference.fumed.pl\/index.php\/standard-passive-pass-rejstracja\/\">\n\t\t\t\t\t\t<span class=\"elementor-button-content-wrapper\">\n\t\t\t\t\t\t\t\t\t<span class=\"elementor-button-text\">Przejd\u017a do rejestracji<\/span>\n\t\t\t\t\t<\/span>\n\t\t\t\t\t<\/a>\n\t\t\t\t\t\t\t\t<\/div>\n\t\t\t\t<\/div>\n\t\t<div class=\"elementor-element elementor-element-f5f58a9 e-con-full e-flex e-con e-child\" data-id=\"f5f58a9\" data-element_type=\"container\" data-settings=\"{&quot;background_background&quot;:&quot;classic&quot;}\">\n\t\t\t\t<div class=\"elementor-element elementor-element-4924c43 elementor-widget elementor-widget-heading\" data-id=\"4924c43\" data-element_type=\"widget\" data-widget_type=\"heading.default\">\n\t\t\t\t\t<h2 class=\"elementor-heading-title elementor-size-default\">Standard Active Pass<\/h2>\t\t\t\t<\/div>\n\t\t\t\t<div class=\"elementor-element elementor-element-7dadc5b elementor-widget elementor-widget-heading\" data-id=\"7dadc5b\" data-element_type=\"widget\" data-widget_type=\"heading.default\">\n\t\t\t\t\t<h2 class=\"elementor-heading-title elementor-size-default\">650 Z\u0141 <\/h2>\t\t\t\t<\/div>\n\t\t<div class=\"elementor-element elementor-element-189b617 e-con-full e-flex e-con e-child\" data-id=\"189b617\" data-element_type=\"container\">\n\t\t\t\t<div class=\"elementor-element elementor-element-7cf7603 elementor-widget elementor-widget-text-editor\" data-id=\"7cf7603\" data-element_type=\"widget\" data-widget_type=\"text-editor.default\">\n\t\t\t\t\t\t\t\t\t<p>Zaprezentuj swoj\u0105 prac\u0119 ekspertom i uzyskaj publikacj\u0119 abstraktu w biuletynie PTMiTH, a tak\u017ce mo\u017cliwo\u015b\u0107 publikacji artyku\u0142u w bran\u017cowym magazynie &#8222;Polish Hyperbaric Research&#8221; (po wyra\u017ceniu zgody Rady Naukowej na publikacj\u0119 otrzymasz 50% zwrotu ceny pakietu) i skorzystaj ze wszystkich korzy\u015bci pakietu Passive<\/p>\t\t\t\t\t\t\t\t<\/div>\n\t\t\t\t<\/div>\n\t\t\t\t<div class=\"elementor-element elementor-element-a453369 elementor-align-justify elementor-widget elementor-widget-button\" data-id=\"a453369\" data-element_type=\"widget\" data-widget_type=\"button.default\">\n\t\t\t\t\t\t\t\t\t\t<a class=\"elementor-button elementor-button-link elementor-size-sm elementor-animation-grow\" href=\"https:\/\/hyperbaricconference.fumed.pl\/index.php\/standard-active-pass-rejstracja\/\">\n\t\t\t\t\t\t<span class=\"elementor-button-content-wrapper\">\n\t\t\t\t\t\t\t\t\t<span class=\"elementor-button-text\">Przejd\u017a do rejestracji<\/span>\n\t\t\t\t\t<\/span>\n\t\t\t\t\t<\/a>\n\t\t\t\t\t\t\t\t<\/div>\n\t\t\t\t<\/div>\n\t\t<div class=\"elementor-element elementor-element-d624a64 e-con-full e-flex e-con e-child\" data-id=\"d624a64\" data-element_type=\"container\" data-settings=\"{&quot;background_background&quot;:&quot;classic&quot;}\">\n\t\t\t\t<div class=\"elementor-element elementor-element-688aa7f elementor-widget elementor-widget-heading\" data-id=\"688aa7f\" data-element_type=\"widget\" data-widget_type=\"heading.default\">\n\t\t\t\t\t<h2 class=\"elementor-heading-title elementor-size-default\">Member\/Student Pass<\/h2>\t\t\t\t<\/div>\n\t\t\t\t<div class=\"elementor-element elementor-element-bdac43e elementor-widget elementor-widget-heading\" data-id=\"bdac43e\" data-element_type=\"widget\" data-widget_type=\"heading.default\">\n\t\t\t\t\t<h2 class=\"elementor-heading-title elementor-size-default\">450 Z\u0141 <\/h2>\t\t\t\t<\/div>\n\t\t<div class=\"elementor-element elementor-element-5f08265 e-con-full e-flex e-con e-child\" data-id=\"5f08265\" data-element_type=\"container\">\n\t\t\t\t<div class=\"elementor-element elementor-element-adb1051 elementor-widget elementor-widget-text-editor\" data-id=\"adb1051\" data-element_type=\"widget\" data-widget_type=\"text-editor.default\">\n\t\t\t\t\t\t\t\t\t<p>Opcja dla <strong>Cz\u0142onk\u00f3w<\/strong><br \/><strong>Polskiego Towarzystwa Medycyny Techniki Hiperbarycznej<\/strong> i student\u00f3w z najwa\u017cniejszymi elementami: udzia\u0142<br \/>czynny i bierny (pakiety STANDARD PASSIVE PASS i STANDARD ACTIVE<br \/>PASS),certyfikat i dost\u0119p do strefy partner\u00f3w<\/p>\t\t\t\t\t\t\t\t<\/div>\n\t\t\t\t<\/div>\n\t\t\t\t<div class=\"elementor-element elementor-element-fbae134 elementor-align-justify elementor-widget elementor-widget-button\" data-id=\"fbae134\" data-element_type=\"widget\" data-widget_type=\"button.default\">\n\t\t\t\t\t\t\t\t\t\t<a class=\"elementor-button elementor-button-link elementor-size-sm elementor-animation-grow\" href=\"https:\/\/hyperbaricconference.fumed.pl\/index.php\/student-passive-pass-rejstracja\/\">\n\t\t\t\t\t\t<span class=\"elementor-button-content-wrapper\">\n\t\t\t\t\t\t\t\t\t<span class=\"elementor-button-text\">Student Pass - Przejd\u017a do rejestracji<\/span>\n\t\t\t\t\t<\/span>\n\t\t\t\t\t<\/a>\n\t\t\t\t\t\t\t\t<\/div>\n\t\t\t\t<div class=\"elementor-element elementor-element-b9add1f elementor-align-justify elementor-widget elementor-widget-button\" data-id=\"b9add1f\" data-element_type=\"widget\" data-widget_type=\"button.default\">\n\t\t\t\t\t\t\t\t\t\t<a class=\"elementor-button elementor-button-link elementor-size-sm elementor-animation-grow\" href=\"https:\/\/hyperbaricconference.fumed.pl\/index.php\/member-active-pass-rejstracja\/\">\n\t\t\t\t\t\t<span class=\"elementor-button-content-wrapper\">\n\t\t\t\t\t\t\t\t\t<span class=\"elementor-button-text\">Member Pass Udzia\u0142 Czynny - Przejd\u017a do rejestracji<\/span>\n\t\t\t\t\t<\/span>\n\t\t\t\t\t<\/a>\n\t\t\t\t\t\t\t\t<\/div>\n\t\t\t\t<div class=\"elementor-element elementor-element-9215eb1 elementor-align-justify elementor-widget elementor-widget-button\" data-id=\"9215eb1\" data-element_type=\"widget\" data-widget_type=\"button.default\">\n\t\t\t\t\t\t\t\t\t\t<a class=\"elementor-button elementor-button-link elementor-size-sm elementor-animation-grow\" href=\"https:\/\/hyperbaricconference.fumed.pl\/index.php\/member-passive-pass-rejstracja\/\">\n\t\t\t\t\t\t<span class=\"elementor-button-content-wrapper\">\n\t\t\t\t\t\t\t\t\t<span class=\"elementor-button-text\">Member Pass Udzia\u0142 bierny - Przejd\u017a do rejestracji<\/span>\n\t\t\t\t\t<\/span>\n\t\t\t\t\t<\/a>\n\t\t\t\t\t\t\t\t<\/div>\n\t\t\t\t<\/div>\n\t\t\t\t\t<\/div>\n\t\t\t\t<\/div>\n\t\t<div class=\"elementor-element elementor-element-cf51b88 e-flex e-con-boxed e-con e-parent\" data-id=\"cf51b88\" data-element_type=\"container\">\n\t\t\t\t\t<div class=\"e-con-inner\">\n\t\t<div class=\"elementor-element elementor-element-023f582 e-con-full e-flex e-con e-child\" data-id=\"023f582\" data-element_type=\"container\">\n\t\t\t\t<\/div>\n\t\t<div class=\"elementor-element elementor-element-ecdc259 e-con-full e-flex e-con e-child\" data-id=\"ecdc259\" data-element_type=\"container\" data-settings=\"{&quot;background_background&quot;:&quot;classic&quot;}\">\n\t\t\t\t<div class=\"elementor-element elementor-element-057a0e3 elementor-widget elementor-widget-heading\" data-id=\"057a0e3\" data-element_type=\"widget\" data-widget_type=\"heading.default\">\n\t\t\t\t\t<h2 class=\"elementor-heading-title elementor-size-default\">digital <br> access Pass<\/h2>\t\t\t\t<\/div>\n\t\t\t\t<div class=\"elementor-element elementor-element-53f1af1 elementor-widget elementor-widget-heading\" data-id=\"53f1af1\" data-element_type=\"widget\" data-widget_type=\"heading.default\">\n\t\t\t\t\t<h2 class=\"elementor-heading-title elementor-size-default\">wy\u0142\u0105cznie dla os\u00f3b zza garnicy<\/h2>\t\t\t\t<\/div>\n\t\t\t\t<div class=\"elementor-element elementor-element-ac9489c elementor-widget elementor-widget-heading\" data-id=\"ac9489c\" data-element_type=\"widget\" data-widget_type=\"heading.default\">\n\t\t\t\t\t<h2 class=\"elementor-heading-title elementor-size-default\">110 z\u0142 <br> \n<\/h2>\t\t\t\t<\/div>\n\t\t\t\t<div class=\"elementor-element elementor-element-d618b71 elementor-widget elementor-widget-heading\" data-id=\"d618b71\" data-element_type=\"widget\" data-widget_type=\"heading.default\">\n\t\t\t\t\t<h2 class=\"elementor-heading-title elementor-size-default\">* oko\u0142o 25 EURO  zgodnie z kursem <br>  EURO na dzie\u0144 p\u0142atno\u015bci<\/h2>\t\t\t\t<\/div>\n\t\t<div class=\"elementor-element elementor-element-080becc e-con-full e-flex e-con e-child\" data-id=\"080becc\" data-element_type=\"container\">\n\t\t\t\t<div class=\"elementor-element elementor-element-b7ea7c0 elementor-widget elementor-widget-text-editor\" data-id=\"b7ea7c0\" data-element_type=\"widget\" data-widget_type=\"text-editor.default\">\n\t\t\t\t\t\t\t\t\t<p>Zawiera: dost\u0119p do transmisji online wszystkich <br \/>wyk\u0142ad\u00f3w i sesji, certyfikat uczestnictwa<\/p>\t\t\t\t\t\t\t\t<\/div>\n\t\t\t\t<\/div>\n\t\t\t\t<div class=\"elementor-element elementor-element-3c81abc elementor-align-justify elementor-widget elementor-widget-button\" data-id=\"3c81abc\" data-element_type=\"widget\" data-widget_type=\"button.default\">\n\t\t\t\t\t\t\t\t\t\t<a class=\"elementor-button elementor-button-link elementor-size-sm elementor-animation-grow\" href=\"https:\/\/hyperbaricconference.fumed.pl\/index.php\/digital-access-pass-rejstracja\/\">\n\t\t\t\t\t\t<span class=\"elementor-button-content-wrapper\">\n\t\t\t\t\t\t\t\t\t<span class=\"elementor-button-text\">Przejd\u017a do rejestracji<\/span>\n\t\t\t\t\t<\/span>\n\t\t\t\t\t<\/a>\n\t\t\t\t\t\t\t\t<\/div>\n\t\t\t\t<\/div>\n\t\t<div class=\"elementor-element elementor-element-6854fd4 e-con-full e-flex e-con e-child\" data-id=\"6854fd4\" data-element_type=\"container\" data-settings=\"{&quot;background_background&quot;:&quot;classic&quot;}\">\n\t\t\t\t<div class=\"elementor-element elementor-element-4cd8c75 elementor-widget elementor-widget-heading\" data-id=\"4cd8c75\" data-element_type=\"widget\" data-widget_type=\"heading.default\">\n\t\t\t\t\t<h2 class=\"elementor-heading-title elementor-size-default\">digital <br>  presenter Pass<\/h2>\t\t\t\t<\/div>\n\t\t\t\t<div class=\"elementor-element elementor-element-87cb9d0 elementor-widget elementor-widget-heading\" data-id=\"87cb9d0\" data-element_type=\"widget\" data-widget_type=\"heading.default\">\n\t\t\t\t\t<h2 class=\"elementor-heading-title elementor-size-default\">czynny udzia\u0142 online (prezentacja)<\/h2>\t\t\t\t<\/div>\n\t\t\t\t<div class=\"elementor-element elementor-element-88f5b9d elementor-widget elementor-widget-heading\" data-id=\"88f5b9d\" data-element_type=\"widget\" data-widget_type=\"heading.default\">\n\t\t\t\t\t<h2 class=\"elementor-heading-title elementor-size-default\">130 z\u0142 <\/h2>\t\t\t\t<\/div>\n\t\t\t\t<div class=\"elementor-element elementor-element-8a60482 elementor-widget elementor-widget-heading\" data-id=\"8a60482\" data-element_type=\"widget\" data-widget_type=\"heading.default\">\n\t\t\t\t\t<h2 class=\"elementor-heading-title elementor-size-default\">* oko\u0142o 30 EURO  zgodnie z kursem <br> EURO na dzie\u0144 p\u0142atno\u015bci<\/h2>\t\t\t\t<\/div>\n\t\t<div class=\"elementor-element elementor-element-2cfab54 e-con-full e-flex e-con e-child\" data-id=\"2cfab54\" data-element_type=\"container\">\n\t\t\t\t<div class=\"elementor-element elementor-element-953db03 elementor-widget elementor-widget-text-editor\" data-id=\"953db03\" data-element_type=\"widget\" data-widget_type=\"text-editor.default\">\n\t\t\t\t\t\t\t\t\t<p>Zawiera: wszystko, co w Digital Access Pass, prawo do wyg\u0142oszenia prezentacji online, Certyfikat \u201eSpeaker\u201d oraz udzia\u0142 w sesjach Q&amp;A online<\/p>\t\t\t\t\t\t\t\t<\/div>\n\t\t\t\t<\/div>\n\t\t\t\t<div class=\"elementor-element elementor-element-1e4b825 elementor-align-justify elementor-widget elementor-widget-button\" data-id=\"1e4b825\" data-element_type=\"widget\" data-widget_type=\"button.default\">\n\t\t\t\t\t\t\t\t\t\t<a class=\"elementor-button elementor-button-link elementor-size-sm elementor-animation-grow\" href=\"https:\/\/hyperbaricconference.fumed.pl\/index.php\/digital-presenter-pass-rejestracja\/\">\n\t\t\t\t\t\t<span class=\"elementor-button-content-wrapper\">\n\t\t\t\t\t\t\t\t\t<span class=\"elementor-button-text\">Przejd\u017a do rejestracji<\/span>\n\t\t\t\t\t<\/span>\n\t\t\t\t\t<\/a>\n\t\t\t\t\t\t\t\t<\/div>\n\t\t\t\t<\/div>\n\t\t<div class=\"elementor-element elementor-element-aff621c e-con-full e-flex e-con e-child\" data-id=\"aff621c\" data-element_type=\"container\">\n\t\t\t\t<\/div>\n\t\t\t\t\t<\/div>\n\t\t\t\t<\/div>\n\t\t<div class=\"elementor-element elementor-element-1b4db9d e-flex e-con-boxed e-con e-parent\" data-id=\"1b4db9d\" data-element_type=\"container\">\n\t\t\t\t\t<div class=\"e-con-inner\">\n\t\t\t\t<div class=\"elementor-element elementor-element-18f9e43 elementor-widget elementor-widget-text-editor\" data-id=\"18f9e43\" data-element_type=\"widget\" data-widget_type=\"text-editor.default\">\n\t\t\t\t\t\t\t\t\t<table border=\"1\" width=\"933\" cellspacing=\"0\" cellpadding=\"7\"><tbody><tr valign=\"TOP\"><td width=\"138\">\u00a0<\/td><td width=\"144\"><p><strong><br \/>Digital Access Pass<\/strong><\/p><\/td><td width=\"141\"><p><strong><br \/>Digital Active Pass<\/strong><\/p><\/td><td width=\"147\"><p><strong><br \/>Standard Passive Pass<\/strong><\/p><\/td><td width=\"137\"><p><strong><br \/>Standard Active Pass<\/strong><\/p><\/td><td width=\"141\"><p><strong><br \/>Member\/ Student Passive Pass<\/strong><\/p><\/td><\/tr><tr valign=\"TOP\"><td width=\"138\"><p><strong>Udzia\u0142<\/strong><\/p><\/td><td width=\"144\"><p>online<\/p><\/td><td width=\"141\"><p>online<\/p><\/td><td width=\"147\"><p>stacjonarny<\/p><\/td><td width=\"137\"><p>stacjonarny<\/p><\/td><td width=\"141\"><p>stacjonarny<\/p><\/td><\/tr><tr valign=\"TOP\"><td width=\"138\"><p><strong>Rodzaj udzia\u0142u<\/strong><\/p><\/td><td width=\"144\"><p>bierny<\/p><\/td><td width=\"141\"><p>czynny<\/p><\/td><td width=\"147\"><p>bierny<\/p><\/td><td width=\"137\"><p>czynny<\/p><\/td><td width=\"141\"><p>bierny<\/p><\/td><\/tr><tr valign=\"TOP\"><td width=\"138\"><p><strong>Certyfikat<\/strong><\/p><\/td><td width=\"144\"><p>\u2705<\/p><\/td><td width=\"141\"><p>\u2705<\/p><\/td><td width=\"147\"><p>\u2705<\/p><\/td><td width=\"137\"><p>\u2705<\/p><\/td><td width=\"141\"><p>\u2705<\/p><\/td><\/tr><tr valign=\"TOP\"><td width=\"138\"><p><strong>Publikacja abstraktu w biuletynie<\/strong><\/p><\/td><td width=\"144\"><p>\u274c<\/p><\/td><td width=\"141\"><p>\u2705<\/p><\/td><td width=\"147\"><p>\u274c<\/p><\/td><td width=\"137\"><p>\u2705<\/p><\/td><td width=\"141\"><p>\u274c<\/p><\/td><\/tr><tr valign=\"TOP\"><td width=\"138\"><p><strong>Mo\u017cliwo\u015b\u0107 publikacji w Polish Hiperbaric Research z 50% zni\u017ck\u0105<\/strong><\/p><\/td><td width=\"144\"><p>\u274c<\/p><\/td><td width=\"141\"><p>\u2705<\/p><\/td><td width=\"147\"><p>\u274c<\/p><\/td><td width=\"137\"><p>\u2705<\/p><\/td><td width=\"141\"><p>\u274c<\/p><\/td><\/tr><tr valign=\"TOP\"><td width=\"138\"><p><strong>Wy\u017cywienie podczas konferencji<\/strong><\/p><\/td><td width=\"144\"><p>\u274c<\/p><\/td><td width=\"141\"><p>\u274c<\/p><\/td><td width=\"147\"><p>\u2705<\/p><\/td><td width=\"137\"><p>\u2705<\/p><\/td><td width=\"141\"><p>\u2705<\/p><\/td><\/tr><tr valign=\"TOP\"><td width=\"138\"><p><strong>Bezpo\u015bredni dost\u0119p do partner\u00f3w wydarzenia<\/strong><\/p><\/td><td width=\"144\"><p>\u274c<\/p><\/td><td width=\"141\"><p>\u274c<\/p><\/td><td width=\"147\"><p>\u2705<\/p><\/td><td width=\"137\"><p>\u2705<\/p><\/td><td width=\"141\"><p>\u2705<\/p><\/td><\/tr><tr valign=\"TOP\"><td width=\"138\"><p><strong>Exlusive Networking Dinner<\/strong><\/p><\/td><td width=\"144\"><p>\u274c<\/p><\/td><td width=\"141\"><p>\u274c<\/p><\/td><td width=\"147\"><p>\u2705<\/p><\/td><td width=\"137\"><p>\u2705<\/p><\/td><td width=\"141\"><p>\u2705<span style=\"font-family: Segoe UI Emoji, serif;\">***<\/span><\/p><\/td><\/tr><tr valign=\"TOP\"><td width=\"138\"><p><strong>Materia\u0142y konferencyjne<\/strong><\/p><\/td><td width=\"144\"><p>\u274c<\/p><\/td><td width=\"141\"><p>\u274c<\/p><\/td><td width=\"147\"><p>\u2705<\/p><\/td><td width=\"137\"><p>\u2705<\/p><\/td><td width=\"141\"><p>\u2705<\/p><\/td><\/tr><tr valign=\"TOP\"><td width=\"138\"><p><strong>Wzmianka o prelegencie w materia\u0142ach onferencyjnych<\/strong><\/p><\/td><td width=\"144\"><p>\u274c<\/p><\/td><td width=\"141\"><p>\u2705<\/p><\/td><td width=\"147\"><p>\u274c<\/p><\/td><td width=\"137\"><p>\u2705<\/p><\/td><td width=\"141\"><p>\u274c<\/p><\/td><\/tr><tr valign=\"TOP\"><td width=\"138\"><p><strong>Udzia\u0142 w warsztatach organizowanych w Akademii Marynarki Wojennej<\/strong><\/p><\/td><td width=\"144\"><p>\u274c<\/p><\/td><td width=\"141\"><p>\u274c<\/p><\/td><td width=\"147\"><p>\u2705<\/p><\/td><td width=\"137\"><p>\u2705<\/p><\/td><td width=\"141\"><p>\u2705<\/p><\/td><\/tr><\/tbody><\/table>\t\t\t\t\t\t\t\t<\/div>\n\t\t\t\t\t<\/div>\n\t\t\t\t<\/div>\n\t\t\t\t<\/div>\n\t\t","protected":false},"excerpt":{"rendered":"<p>Pakiety i ceny Standard Passive Pass 600 Z\u0141 Pe\u0142ny dost\u0119p do wiedzy, Certyfikat z Punktami Edukacyjnymi \u2028i presti\u017cowy Networking Dinner. [&hellip;]<\/p>\n","protected":false},"author":1,"featured_media":0,"parent":0,"menu_order":0,"comment_status":"closed","ping_status":"closed","template":"","meta":{"site-sidebar-layout":"no-sidebar","site-content-layout":"","ast-site-content-layout":"full-width-container","site-content-style":"default","site-sidebar-style":"default","ast-global-header-display":"","ast-banner-title-visibility":"","ast-main-header-display":"","ast-hfb-above-header-display":"","ast-hfb-below-header-display":"","ast-hfb-mobile-header-display":"","site-post-title":"disabled","ast-breadcrumbs-content":"","ast-featured-img":"disabled","footer-sml-layout":"","ast-disable-related-posts":"","theme-transparent-header-meta":"","adv-header-id-meta":"","stick-header-meta":"","header-above-stick-meta":"","header-main-stick-meta":"","header-below-stick-meta":"","astra-migrate-meta-layouts":"default","ast-page-background-enabled":"default","ast-page-background-meta":{"desktop":{"background-color":"var(--ast-global-color-5)","background-image":"","background-repeat":"repeat","background-position":"center center","background-size":"auto","background-attachment":"scroll","background-type":"","background-media":"","overlay-type":"","overlay-color":"","overlay-opacity":"","overlay-gradient":""},"tablet":{"background-color":"","background-image":"","background-repeat":"repeat","background-position":"center center","background-size":"auto","background-attachment":"scroll","background-type":"","background-media":"","overlay-type":"","overlay-color":"","overlay-opacity":"","overlay-gradient":""},"mobile":{"background-color":"","background-image":"","background-repeat":"repeat","background-position":"center center","background-size":"auto","background-attachment":"scroll","background-type":"","background-media":"","overlay-type":"","overlay-color":"","overlay-opacity":"","overlay-gradient":""}},"ast-content-background-meta":{"desktop":{"background-color":"var(--ast-global-color-4)","background-image":"","background-repeat":"repeat","background-position":"center center","background-size":"auto","background-attachment":"scroll","background-type":"","background-media":"","overlay-type":"","overlay-color":"","overlay-opacity":"","overlay-gradient":""},"tablet":{"background-color":"var(--ast-global-color-4)","background-image":"","background-repeat":"repeat","background-position":"center center","background-size":"auto","background-attachment":"scroll","background-type":"","background-media":"","overlay-type":"","overlay-color":"","overlay-opacity":"","overlay-gradient":""},"mobile":{"background-color":"var(--ast-global-color-4)","background-image":"","background-repeat":"repeat","background-position":"center center","background-size":"auto","background-attachment":"scroll","background-type":"","background-media":"","overlay-type":"","overlay-color":"","overlay-opacity":"","overlay-gradient":""}},"footnotes":""},"class_list":["post-13","page","type-page","status-publish","hentry"],"_links":{"self":[{"href":"https:\/\/hyperbaricconference.fumed.pl\/index.php\/wp-json\/wp\/v2\/pages\/13","targetHints":{"allow":["GET"]}}],"collection":[{"href":"https:\/\/hyperbaricconference.fumed.pl\/index.php\/wp-json\/wp\/v2\/pages"}],"about":[{"href":"https:\/\/hyperbaricconference.fumed.pl\/index.php\/wp-json\/wp\/v2\/types\/page"}],"author":[{"embeddable":true,"href":"https:\/\/hyperbaricconference.fumed.pl\/index.php\/wp-json\/wp\/v2\/users\/1"}],"replies":[{"embeddable":true,"href":"https:\/\/hyperbaricconference.fumed.pl\/index.php\/wp-json\/wp\/v2\/comments?post=13"}],"version-history":[{"count":46,"href":"https:\/\/hyperbaricconference.fumed.pl\/index.php\/wp-json\/wp\/v2\/pages\/13\/revisions"}],"predecessor-version":[{"id":613,"href":"https:\/\/hyperbaricconference.fumed.pl\/index.php\/wp-json\/wp\/v2\/pages\/13\/revisions\/613"}],"wp:attachment":[{"href":"https:\/\/hyperbaricconference.fumed.pl\/index.php\/wp-json\/wp\/v2\/media?parent=13"}],"curies":[{"name":"wp","href":"https:\/\/api.w.org\/{rel}","templated":true}]}}