{"id":9,"date":"2025-12-10T09:33:25","date_gmt":"2025-12-10T08:33:25","guid":{"rendered":"https:\/\/hyperbaricconference.fumed.pl\/?page_id=9"},"modified":"2026-01-19T11:21:49","modified_gmt":"2026-01-19T10:21:49","slug":"o-konferencji","status":"publish","type":"page","link":"https:\/\/hyperbaricconference.fumed.pl\/index.php\/o-konferencji\/","title":{"rendered":"O Konferencji"},"content":{"rendered":"\t\t<div data-elementor-type=\"wp-page\" data-elementor-id=\"9\" class=\"elementor elementor-9\">\n\t\t\t\t<div class=\"elementor-element elementor-element-c6b3597 e-flex e-con-boxed e-con e-parent\" data-id=\"c6b3597\" data-element_type=\"container\" data-settings=\"{&quot;background_background&quot;:&quot;classic&quot;}\">\n\t\t\t\t\t<div class=\"e-con-inner\">\n\t\t\t\t\t<\/div>\n\t\t\t\t<\/div>\n\t\t<div class=\"elementor-element elementor-element-5b31927 e-flex e-con-boxed e-con e-parent\" data-id=\"5b31927\" data-element_type=\"container\">\n\t\t\t\t\t<div class=\"e-con-inner\">\n\t\t<div class=\"elementor-element elementor-element-5ea1b53 e-con-full e-flex e-con e-child\" data-id=\"5ea1b53\" data-element_type=\"container\">\n\t\t\t\t<div class=\"elementor-element elementor-element-cd9f175 elementor-widget elementor-widget-heading\" data-id=\"cd9f175\" data-element_type=\"widget\" data-widget_type=\"heading.default\">\n\t\t\t\t\t<h2 class=\"elementor-heading-title elementor-size-default\">O konferencji<\/h2>\t\t\t\t<\/div>\n\t\t\t\t<\/div>\n\t\t\t\t\t<\/div>\n\t\t\t\t<\/div>\n\t\t<div class=\"elementor-element elementor-element-3c570e4 e-flex e-con-boxed e-con e-parent\" data-id=\"3c570e4\" data-element_type=\"container\">\n\t\t\t\t\t<div class=\"e-con-inner\">\n\t\t<div class=\"elementor-element elementor-element-7150da7 e-con-full e-flex e-con e-child\" data-id=\"7150da7\" data-element_type=\"container\">\n\t\t\t\t<div class=\"elementor-element elementor-element-e17918b elementor-widget elementor-widget-text-editor\" data-id=\"e17918b\" data-element_type=\"widget\" data-widget_type=\"text-editor.default\">\n\t\t\t\t\t\t\t\t\t<p>Jak co roku, wydarzenie organizowane przez PTMiTH stanowi platform\u0119 wymiany wiedzy i do\u015bwiadcze\u0144 z zakresu medycyny i technologii hiperbarycznej, medycyny nurkowej, ratownictwa wodnego, techniki i technologii podwodnych oraz wielu dziedzin pokrewnych. Konferencja gromadzi ekspert\u00f3w z kraju i zagranicy, praktyk\u00f3w, naukowc\u00f3w, student\u00f3w oraz przedstawicieli bran\u017c zwi\u0105zanych z bezpiecze\u0144stwem i dzia\u0142alno\u015bci\u0105 w \u015brodowisku wodnym.<\/p><p>To wydarzenie o ugruntowanej renomie, w kt\u00f3rym od lat uczestnicz\u0105 specjali\u015bci reprezentuj\u0105cy r\u00f3\u017cne obszary nauki i praktyki. Naszym celem jest prezentacja najnowszych wynik\u00f3w bada\u0144, innowacji technologicznych oraz realnych do\u015bwiadcze\u0144 klinicznych i technicznych \u2014 a tak\u017ce tworzenie przestrzeni do merytorycznych dyskusji i nawi\u0105zywania warto\u015bciowych kontakt\u00f3w.<\/p><p>Uczestnicy z zawod\u00f3w medycznych (lekarze, piel\u0119gniarki, ratownicy<br \/>medyczni, diagno\u015bci laboratoryjni i przedstawiciele innych zawod\u00f3w) otrzymaj\u0105 punkty edukacyjne.<\/p>\t\t\t\t\t\t\t\t<\/div>\n\t\t\t\t<\/div>\n\t\t<div class=\"elementor-element elementor-element-1be55c4 e-con-full e-flex e-con e-child\" data-id=\"1be55c4\" data-element_type=\"container\">\n\t\t\t\t<div class=\"elementor-element elementor-element-5a3a650 elementor-widget elementor-widget-image\" data-id=\"5a3a650\" data-element_type=\"widget\" data-widget_type=\"image.default\">\n\t\t\t\t\t\t\t\t\t\t\t\t\t\t\t<img fetchpriority=\"high\" decoding=\"async\" width=\"747\" height=\"540\" src=\"https:\/\/hyperbaricconference.fumed.pl\/wp-content\/uploads\/2025\/12\/Gemini_Generated_Image_kk0cflkk0cflkk0c-1.png\" class=\"attachment-large size-large wp-image-60\" alt=\"\" srcset=\"https:\/\/hyperbaricconference.fumed.pl\/wp-content\/uploads\/2025\/12\/Gemini_Generated_Image_kk0cflkk0cflkk0c-1.png 747w, https:\/\/hyperbaricconference.fumed.pl\/wp-content\/uploads\/2025\/12\/Gemini_Generated_Image_kk0cflkk0cflkk0c-1-300x217.png 300w\" sizes=\"(max-width: 747px) 100vw, 747px\" \/>\t\t\t\t\t\t\t\t\t\t\t\t\t\t\t<\/div>\n\t\t\t\t<\/div>\n\t\t\t\t\t<\/div>\n\t\t\t\t<\/div>\n\t\t<div class=\"elementor-element elementor-element-17966fd e-flex e-con-boxed e-con e-parent\" data-id=\"17966fd\" data-element_type=\"container\">\n\t\t\t\t\t<div class=\"e-con-inner\">\n\t\t<div class=\"elementor-element elementor-element-43676d0 e-con-full e-flex e-con e-child\" data-id=\"43676d0\" data-element_type=\"container\">\n\t\t\t\t<div class=\"elementor-element elementor-element-c749d60 elementor-widget elementor-widget-text-editor\" data-id=\"c749d60\" data-element_type=\"widget\" data-widget_type=\"text-editor.default\">\n\t\t\t\t\t\t\t\t\t<p><strong>Zakres tematyczny konferencji:<\/strong><\/p><ul><li>Hiperbaria tlenowa a zdrowie cz\u0142owieka<\/li><li>Do\u015bwiadczenia z zakresu HBOT<\/li><li>Medycyna nurkowa<\/li><li>Bezpiecze\u0144stwo nurkowania<\/li><li>Technika nurkowa<\/li><li>Technologie nurkowe i bezpiecze\u0144stwo pod wod\u0105<\/li><li>Trendy i osi\u0105gni\u0119cia w technologii hiperbarycznej<\/li><li>Bezpiecze\u0144stwo i zagro\u017cenia w komorach hiperbarycznych<\/li><li>Nowe technologie w komorach hiperbarycznych<\/li><li>Techniki i technologie wspieraj\u0105ce prace nawodne i podwodne<\/li><li>Pojazdy podwodne \u2013 nowe osi\u0105gni\u0119cia, zastosowania wojskowe i cywilne<\/li><li>Robotyka w pracach podwodnych<\/li><\/ul>\t\t\t\t\t\t\t\t<\/div>\n\t\t\t\t<\/div>\n\t\t<div class=\"elementor-element elementor-element-d455951 e-con-full e-flex e-con e-child\" data-id=\"d455951\" data-element_type=\"container\">\n\t\t\t\t<div class=\"elementor-element elementor-element-bd52ed9 elementor-widget elementor-widget-text-editor\" data-id=\"bd52ed9\" data-element_type=\"widget\" data-widget_type=\"text-editor.default\">\n\t\t\t\t\t\t\t\t\t<p>\u00a0<\/p><ul><li>In\u017cynieria i bezpiecze\u0144stwo pojazd\u00f3w podwodnych<\/li><li>Podr\u00f3\u017ce, woda i zdrowie<\/li><li>Zagro\u017cenia na wodzie i pod wod\u0105<\/li><li>Interdyscyplinarne aspekty bezpiecze\u0144stwa granic wodnych<\/li><li>Psychologia a nurkowanie<\/li><li>Ratownictwo wodne<\/li><li>Sport w ratownictwie wodnym<\/li><li>Bezpiecze\u0144stwo na wodzie, w wodzie i pod wod\u0105<\/li><li>Ekologia<\/li><li>Varia<\/li><\/ul><p>W programie przewidziana jest r\u00f3wnie\u017c sesja plakatowa, a wieczorem uroczysta kolacja i spotkanie towarzyskie.<\/p>\t\t\t\t\t\t\t\t<\/div>\n\t\t\t\t<\/div>\n\t\t\t\t\t<\/div>\n\t\t\t\t<\/div>\n\t\t\t\t<\/div>\n\t\t","protected":false},"excerpt":{"rendered":"<p>O konferencji Jak co roku, wydarzenie organizowane przez PTMiTH stanowi platform\u0119 wymiany wiedzy i do\u015bwiadcze\u0144 z zakresu medycyny i technologii [&hellip;]<\/p>\n","protected":false},"author":1,"featured_media":0,"parent":0,"menu_order":0,"comment_status":"closed","ping_status":"closed","template":"","meta":{"site-sidebar-layout":"no-sidebar","site-content-layout":"","ast-site-content-layout":"full-width-container","site-content-style":"default","site-sidebar-style":"default","ast-global-header-display":"","ast-banner-title-visibility":"","ast-main-header-display":"","ast-hfb-above-header-display":"","ast-hfb-below-header-display":"","ast-hfb-mobile-header-display":"","site-post-title":"disabled","ast-breadcrumbs-content":"","ast-featured-img":"disabled","footer-sml-layout":"","ast-disable-related-posts":"","theme-transparent-header-meta":"","adv-header-id-meta":"","stick-header-meta":"","header-above-stick-meta":"","header-main-stick-meta":"","header-below-stick-meta":"","astra-migrate-meta-layouts":"default","ast-page-background-enabled":"default","ast-page-background-meta":{"desktop":{"background-color":"var(--ast-global-color-5)","background-image":"","background-repeat":"repeat","background-position":"center center","background-size":"auto","background-attachment":"scroll","background-type":"","background-media":"","overlay-type":"","overlay-color":"","overlay-opacity":"","overlay-gradient":""},"tablet":{"background-color":"","background-image":"","background-repeat":"repeat","background-position":"center center","background-size":"auto","background-attachment":"scroll","background-type":"","background-media":"","overlay-type":"","overlay-color":"","overlay-opacity":"","overlay-gradient":""},"mobile":{"background-color":"","background-image":"","background-repeat":"repeat","background-position":"center center","background-size":"auto","background-attachment":"scroll","background-type":"","background-media":"","overlay-type":"","overlay-color":"","overlay-opacity":"","overlay-gradient":""}},"ast-content-background-meta":{"desktop":{"background-color":"var(--ast-global-color-4)","background-image":"","background-repeat":"repeat","background-position":"center center","background-size":"auto","background-attachment":"scroll","background-type":"","background-media":"","overlay-type":"","overlay-color":"","overlay-opacity":"","overlay-gradient":""},"tablet":{"background-color":"var(--ast-global-color-4)","background-image":"","background-repeat":"repeat","background-position":"center center","background-size":"auto","background-attachment":"scroll","background-type":"","background-media":"","overlay-type":"","overlay-color":"","overlay-opacity":"","overlay-gradient":""},"mobile":{"background-color":"var(--ast-global-color-4)","background-image":"","background-repeat":"repeat","background-position":"center center","background-size":"auto","background-attachment":"scroll","background-type":"","background-media":"","overlay-type":"","overlay-color":"","overlay-opacity":"","overlay-gradient":""}},"footnotes":""},"class_list":["post-9","page","type-page","status-publish","hentry"],"_links":{"self":[{"href":"https:\/\/hyperbaricconference.fumed.pl\/index.php\/wp-json\/wp\/v2\/pages\/9","targetHints":{"allow":["GET"]}}],"collection":[{"href":"https:\/\/hyperbaricconference.fumed.pl\/index.php\/wp-json\/wp\/v2\/pages"}],"about":[{"href":"https:\/\/hyperbaricconference.fumed.pl\/index.php\/wp-json\/wp\/v2\/types\/page"}],"author":[{"embeddable":true,"href":"https:\/\/hyperbaricconference.fumed.pl\/index.php\/wp-json\/wp\/v2\/users\/1"}],"replies":[{"embeddable":true,"href":"https:\/\/hyperbaricconference.fumed.pl\/index.php\/wp-json\/wp\/v2\/comments?post=9"}],"version-history":[{"count":16,"href":"https:\/\/hyperbaricconference.fumed.pl\/index.php\/wp-json\/wp\/v2\/pages\/9\/revisions"}],"predecessor-version":[{"id":591,"href":"https:\/\/hyperbaricconference.fumed.pl\/index.php\/wp-json\/wp\/v2\/pages\/9\/revisions\/591"}],"wp:attachment":[{"href":"https:\/\/hyperbaricconference.fumed.pl\/index.php\/wp-json\/wp\/v2\/media?parent=9"}],"curies":[{"name":"wp","href":"https:\/\/api.w.org\/{rel}","templated":true}]}}